{"id":10,"date":"2017-10-04T20:10:00","date_gmt":"2017-10-04T20:10:00","guid":{"rendered":"http:\/\/www.utn.edu.ec\/fccss\/carreras\/medicina\/?page_id=10"},"modified":"2025-04-30T17:56:36","modified_gmt":"2025-04-30T17:56:36","slug":"contactos","status":"publish","type":"page","link":"https:\/\/medicina.utn.edu.ec\/index.php\/contactos\/","title":{"rendered":"Contactos"},"content":{"rendered":"\n<p>Para comunicarse con la Carrera de Medicina de la UTN utilice cualquiera de los siguientes medios:<\/p>\n\n\n\n<p><strong>Tel\u00e9fonos:<\/strong> +593 (6) 2 99 78 00 Ext. 7709<\/p>\n\n\n\n<p><strong>E-mail de informaci\u00f3n:<\/strong> <a href=\"cmedicina@utn.edu.ec\" target=\"_blank\" rel=\"noreferrer noopener\">cmedicina@utn.edu.ec<\/a><\/p>\n\n\n\n<p><strong>Ubicaci\u00f3n<\/strong>: Ciudadela Universitaria, Av. 17 de Julio 5-21 y General Jos\u00e9 Mar\u00eda Cordova.<\/p>\n\n\n\n<p>Sector del Olivo.<\/p>\n\n\n\n<p>Ibarra, Ecuador, Am\u00e9rica del Sur.<\/p>\n\n\n\n<p><strong>C\u00f3digo Postal Institucional:<\/strong> 199<\/p>\n\n\n\n<p><strong>C\u00f3digo Postal Georeferencial:<\/strong> EC100150<\/p>\n\n\n<figure><iframe loading=\"lazy\" src=\"https:\/\/www.google.com\/maps\/embed?pb=!1m18!1m12!1m3!1d15958.954351547434!2d-78.11094763175753!3d0.3622257873748443!2m3!1f0!2f0!3f0!3m2!1i1024!2i768!4f13.1!3m3!1m2!1s0x0000000000000000%3A0xc97eab5c0f6a095e!2sUniversidad+Tecnica+del+Norte+%22UTN%22!5e0!3m2!1ses-419!2sec!4v1419229986791\" width=\"670\" height=\"330\"><\/iframe><\/figure>","protected":false},"excerpt":{"rendered":"<p>Para comunicarse con la Carrera de Medicina de la UTN utilice cualquiera de los siguientes medios: Tel\u00e9fonos: +593 (6) 2 99 78 00 Ext. 7709 E-mail de informaci\u00f3n: cmedicina@utn.edu.ec Ubicaci\u00f3n: Ciudadela Universitaria, Av. 17 de Julio 5-21 y General Jos\u00e9 <a href=\"https:\/\/medicina.utn.edu.ec\/index.php\/contactos\/\" class=\"read-more\">Read More &#8230;<\/a><\/p>\n","protected":false},"author":1,"featured_media":0,"parent":0,"menu_order":0,"comment_status":"closed","ping_status":"closed","template":"","meta":{"footnotes":""},"class_list":["post-10","page","type-page","status-publish","hentry"],"_links":{"self":[{"href":"https:\/\/medicina.utn.edu.ec\/index.php\/wp-json\/wp\/v2\/pages\/10"}],"collection":[{"href":"https:\/\/medicina.utn.edu.ec\/index.php\/wp-json\/wp\/v2\/pages"}],"about":[{"href":"https:\/\/medicina.utn.edu.ec\/index.php\/wp-json\/wp\/v2\/types\/page"}],"author":[{"embeddable":true,"href":"https:\/\/medicina.utn.edu.ec\/index.php\/wp-json\/wp\/v2\/users\/1"}],"replies":[{"embeddable":true,"href":"https:\/\/medicina.utn.edu.ec\/index.php\/wp-json\/wp\/v2\/comments?post=10"}],"version-history":[{"count":5,"href":"https:\/\/medicina.utn.edu.ec\/index.php\/wp-json\/wp\/v2\/pages\/10\/revisions"}],"predecessor-version":[{"id":913,"href":"https:\/\/medicina.utn.edu.ec\/index.php\/wp-json\/wp\/v2\/pages\/10\/revisions\/913"}],"wp:attachment":[{"href":"https:\/\/medicina.utn.edu.ec\/index.php\/wp-json\/wp\/v2\/media?parent=10"}],"curies":[{"name":"wp","href":"https:\/\/api.w.org\/{rel}","templated":true}]}}