{"id":106,"date":"2017-10-04T20:38:44","date_gmt":"2017-10-04T20:38:44","guid":{"rendered":"http:\/\/www.utn.edu.ec\/fccss\/carreras\/medicina\/?page_id=106"},"modified":"2023-03-01T15:06:32","modified_gmt":"2023-03-01T15:06:32","slug":"redes-de-investigacion","status":"publish","type":"page","link":"https:\/\/medicina.utn.edu.ec\/index.php\/redes-de-investigacion\/","title":{"rendered":"Redes de Investigaci\u00f3n"},"content":{"rendered":"\n<p>La carrera de Medicina de la Universidad T\u00e9cnica del Norte participa en la mayor Red Acad\u00e9mica del Ecuador, AFEME.<\/p>\n<p>AFEME es una organizaci\u00f3n de car\u00e1cter acad\u00e9mico, que congrega a las facultades de ciencias m\u00e9dicas y de la salud del Ecuador, para mejorar las capacidades t\u00e9cnicas y acad\u00e9micas de las facultades del pa\u00eds, y alcanzar las m\u00e1s altas condiciones en la formaci\u00f3n, con acreditaci\u00f3n nacional e internacional. Lidera la formulaci\u00f3n de pol\u00edticas de formaci\u00f3n de recursos humanos para la salud, la unificaci\u00f3n de planes y programas de estudio de las carreras, y el aseguramiento de la calidad en el proceso de formaci\u00f3n, tanto a nivel de pregrado como postgrado.<\/p>\n\n\n\n<table style=\"width: 100%; height: 517px;\" width=\"696\">\n<tbody>\n<tr style=\"height: 68px;\">\n<td style=\"height: 68px;\" width=\"222\">\n<p><strong>Red de Investigaci\u00f3n<\/strong><\/p>\n<\/td>\n<td style=\"height: 68px;\" width=\"278\">\n<p><strong>Nombre de la Red<\/strong><\/p>\n<\/td>\n<td style=\"height: 68px;\" width=\"196\">\n<p><strong>URL de Acceso<\/strong><\/p>\n<\/td>\n<\/tr>\n<tr style=\"height: 133px;\">\n<td style=\"height: 133px;\" width=\"222\"><img decoding=\"async\" src=\"https:\/\/medicina.utn.edu.ec\/wp-content\/uploads\/2023\/03\/RED-ACADEMICA.jpg\" alt=\"La imagen tiene un atributo ALT vac\u00edo; su nombre de archivo es RED-CEDIA.jpg\" \/><\/td>\n<td style=\"height: 133px;\" width=\"278\">\n<p><strong>AFEME<br \/><\/strong>AFEME (ASOCIACI\u00d3N DE FACULTADES ECUATORIANAS DE CIENCIAS M\u00c9DICAS Y DE SALUD)<\/p>\n<\/td>\n<td style=\"height: 133px;\" width=\"196\">\n<p>http:\/\/www.afeme.org.ec<\/p>\n<\/td>\n<\/tr>\n<tr style=\"height: 133px;\">\n<td style=\"height: 133px;\" width=\"222\"><img decoding=\"async\" src=\"https:\/\/medicina.utn.edu.ec\/wp-content\/uploads\/2020\/09\/RED-CEDIA.jpg\" alt=\"La imagen tiene un atributo ALT vac\u00edo; su nombre de archivo es RED-CEDIA.jpg\" \/><\/td>\n<td style=\"height: 133px;\" width=\"278\">\n<p><strong>REDU<br \/><\/strong>Red Nacional de Investigaci\u00f3n y Educaci\u00f3n del Ecuador<\/p>\n<\/td>\n<td style=\"height: 133px;\" width=\"196\">\n<p><u>https:\/\/cedia.edu.ec<\/u><\/p>\n<\/td>\n<\/tr>\n<tr style=\"height: 183px;\">\n<td style=\"height: 183px;\" width=\"222\"><img decoding=\"async\" src=\"https:\/\/medicina.utn.edu.ec\/wp-content\/uploads\/2020\/09\/VLRUOS.jpg\" alt=\"La imagen tiene un atributo ALT vac\u00edo; su nombre de archivo es VLRUOS.jpg\" \/><\/td>\n<td style=\"height: 183px;\" width=\"278\">\n<p><strong>RED VLIRUOS<\/strong><strong><br \/><\/strong>Consejo Interuniversitario Flamenco \u2013 Cooperaci\u00f3n para el desarrollo universitario<\/p>\n<\/td>\n<td style=\"height: 183px;\" width=\"196\">\n<p><a href=\"http:\/\/www.vliruos.be\/en\/ongoing-projects\/overview-of-ongoing-projects\/network-cooperation\/network-biodev-ecuador\/\">www.vliruos.be<\/a><\/p>\n<\/td>\n<\/tr>\n<\/tbody>\n<\/table>\n\n\n\n\n","protected":false},"excerpt":{"rendered":"<p>La carrera de Medicina de la Universidad T\u00e9cnica del Norte participa en la mayor Red Acad\u00e9mica del Ecuador, AFEME. AFEME es una organizaci\u00f3n de car\u00e1cter acad\u00e9mico, que congrega a las facultades de ciencias m\u00e9dicas y de la salud del Ecuador, <a href=\"https:\/\/medicina.utn.edu.ec\/index.php\/redes-de-investigacion\/\" class=\"read-more\">Read More &#8230;<\/a><\/p>\n","protected":false},"author":1,"featured_media":0,"parent":0,"menu_order":0,"comment_status":"closed","ping_status":"closed","template":"","meta":{"footnotes":""},"class_list":["post-106","page","type-page","status-publish","hentry"],"_links":{"self":[{"href":"https:\/\/medicina.utn.edu.ec\/index.php\/wp-json\/wp\/v2\/pages\/106"}],"collection":[{"href":"https:\/\/medicina.utn.edu.ec\/index.php\/wp-json\/wp\/v2\/pages"}],"about":[{"href":"https:\/\/medicina.utn.edu.ec\/index.php\/wp-json\/wp\/v2\/types\/page"}],"author":[{"embeddable":true,"href":"https:\/\/medicina.utn.edu.ec\/index.php\/wp-json\/wp\/v2\/users\/1"}],"replies":[{"embeddable":true,"href":"https:\/\/medicina.utn.edu.ec\/index.php\/wp-json\/wp\/v2\/comments?post=106"}],"version-history":[{"count":13,"href":"https:\/\/medicina.utn.edu.ec\/index.php\/wp-json\/wp\/v2\/pages\/106\/revisions"}],"predecessor-version":[{"id":760,"href":"https:\/\/medicina.utn.edu.ec\/index.php\/wp-json\/wp\/v2\/pages\/106\/revisions\/760"}],"wp:attachment":[{"href":"https:\/\/medicina.utn.edu.ec\/index.php\/wp-json\/wp\/v2\/media?parent=106"}],"curies":[{"name":"wp","href":"https:\/\/api.w.org\/{rel}","templated":true}]}}