{"id":115,"date":"2017-10-04T20:38:44","date_gmt":"2017-10-04T20:38:44","guid":{"rendered":"http:\/\/www.utn.edu.ec\/fccss\/carreras\/medicina\/?page_id=115"},"modified":"2021-09-20T21:24:32","modified_gmt":"2021-09-20T21:24:32","slug":"movilidad-docente","status":"publish","type":"page","link":"https:\/\/medicina.utn.edu.ec\/index.php\/movilidad-docente\/","title":{"rendered":"Movilidad Docente"},"content":{"rendered":"\n<p style=\"\u201dtext-align:\" justify;\u201d=\"\">En el mes de septiembre del a\u00f1o 2018 un estudiante de la carrera de Medicina visit\u00f3 la ciudad de Hasselt en B\u00e9lgica, una experiencia \u00fanica en la que se conoce la universidad de PXL y Hassel que mantienen carreras de medicina- enfermer\u00eda y fisioterapia. La visita permiti\u00f3 explorar los laboratorios en los que se realizan pr\u00e1cticas formativas. As\u00ed mismo la visita a diferentes hospitales permite ampliar el conocimiento de los estudiantes en el \u00e1mbito de la gesti\u00f3n hospitalaria. <\/p>\n\n\n\n<div class=\"wp-block-image\"><figure class=\"aligncenter\"><img loading=\"lazy\" decoding=\"async\" width=\"408\" height=\"306\" src=\"https:\/\/medicina.utn.edu.ec\/wp-content\/uploads\/2020\/09\/image-6.png\" alt=\"\" class=\"wp-image-414\" srcset=\"https:\/\/medicina.utn.edu.ec\/wp-content\/uploads\/2020\/09\/image-6.png 408w, https:\/\/medicina.utn.edu.ec\/wp-content\/uploads\/2020\/09\/image-6-300x225.png 300w, https:\/\/medicina.utn.edu.ec\/wp-content\/uploads\/2020\/09\/image-6-360x270.png 360w\" sizes=\"(max-width: 408px) 100vw, 408px\" \/><\/figure><\/div>\n\n\n\n<p style=\"\u201dtext-align:\" justify;\u201d=\"\">En el mes de enero del 2019 la Srta. Angie Zhune estudiante de cuarto semestre de la carrera de Medicina es seleccionada para acudir al programa SUSY en EE. UU., en compa\u00f1\u00eda de cuatro estudiantes m\u00e1s del Ecuador. El programa agrupa a estudiantes universitarias de grupos minoritarios (ind\u00edgenas y\/o afrodescendientes) para plantear una propuesta de fortalecimiento cultural en cada pa\u00eds. <\/p>\n\n\n\n<div class=\"wp-block-image\"><figure class=\"aligncenter\"><img loading=\"lazy\" decoding=\"async\" width=\"442\" height=\"331\" src=\"https:\/\/medicina.utn.edu.ec\/wp-content\/uploads\/2020\/09\/image-7.png\" alt=\"\" class=\"wp-image-415\" srcset=\"https:\/\/medicina.utn.edu.ec\/wp-content\/uploads\/2020\/09\/image-7.png 442w, https:\/\/medicina.utn.edu.ec\/wp-content\/uploads\/2020\/09\/image-7-300x225.png 300w, https:\/\/medicina.utn.edu.ec\/wp-content\/uploads\/2020\/09\/image-7-360x270.png 360w\" sizes=\"(max-width: 442px) 100vw, 442px\" \/><\/figure><\/div>\n","protected":false},"excerpt":{"rendered":"<p>En el mes de septiembre del a\u00f1o 2018 un estudiante de la carrera de Medicina visit\u00f3 la ciudad de Hasselt en B\u00e9lgica, una experiencia \u00fanica en la que se conoce la universidad de PXL y Hassel que mantienen carreras de <a href=\"https:\/\/medicina.utn.edu.ec\/index.php\/movilidad-docente\/\" class=\"read-more\">Read More &#8230;<\/a><\/p>\n","protected":false},"author":1,"featured_media":413,"parent":0,"menu_order":0,"comment_status":"closed","ping_status":"closed","template":"","meta":{"footnotes":""},"class_list":["post-115","page","type-page","status-publish","has-post-thumbnail","hentry"],"_links":{"self":[{"href":"https:\/\/medicina.utn.edu.ec\/index.php\/wp-json\/wp\/v2\/pages\/115"}],"collection":[{"href":"https:\/\/medicina.utn.edu.ec\/index.php\/wp-json\/wp\/v2\/pages"}],"about":[{"href":"https:\/\/medicina.utn.edu.ec\/index.php\/wp-json\/wp\/v2\/types\/page"}],"author":[{"embeddable":true,"href":"https:\/\/medicina.utn.edu.ec\/index.php\/wp-json\/wp\/v2\/users\/1"}],"replies":[{"embeddable":true,"href":"https:\/\/medicina.utn.edu.ec\/index.php\/wp-json\/wp\/v2\/comments?post=115"}],"version-history":[{"count":5,"href":"https:\/\/medicina.utn.edu.ec\/index.php\/wp-json\/wp\/v2\/pages\/115\/revisions"}],"predecessor-version":[{"id":619,"href":"https:\/\/medicina.utn.edu.ec\/index.php\/wp-json\/wp\/v2\/pages\/115\/revisions\/619"}],"wp:featuredmedia":[{"embeddable":true,"href":"https:\/\/medicina.utn.edu.ec\/index.php\/wp-json\/wp\/v2\/media\/413"}],"wp:attachment":[{"href":"https:\/\/medicina.utn.edu.ec\/index.php\/wp-json\/wp\/v2\/media?parent=115"}],"curies":[{"name":"wp","href":"https:\/\/api.w.org\/{rel}","templated":true}]}}