{"id":119,"date":"2017-10-04T20:38:44","date_gmt":"2017-10-04T20:38:44","guid":{"rendered":"http:\/\/www.utn.edu.ec\/fccss\/carreras\/medicina\/?page_id=119"},"modified":"2021-09-20T21:26:16","modified_gmt":"2021-09-20T21:26:16","slug":"giras-academicas","status":"publish","type":"page","link":"https:\/\/medicina.utn.edu.ec\/index.php\/giras-academicas\/","title":{"rendered":"Giras Acad\u00e9micas"},"content":{"rendered":"\n<p style=\"\u201dtext-align:\" justify;\u201d=\"\">La carrera de Medicina de la Universidad T\u00e9cnica del Norte, participa cada per\u00edodo en giras acad\u00e9micas con sus estudiantes; planificadas de acuerdo a los resultados de aprendizaje concebidos en las asignaturas y el nivel acad\u00e9mico.<\/p>\n\n\n\n<p style=\"text-align:center\">&nbsp;<strong>CENTRO \u201cFORENSE\u201d &#8211; <\/strong>&nbsp;<strong>FISCAL\u00cdA DEL ESTADO ECUATORIANO \u2013 ESMERALDAS<\/strong><\/p>\n\n\n\n<figure class=\"wp-block-image\"><img loading=\"lazy\" decoding=\"async\" width=\"652\" height=\"381\" src=\"https:\/\/medicina.utn.edu.ec\/wp-content\/uploads\/2020\/09\/GIRA-1.jpg\" alt=\"\" class=\"wp-image-373\" srcset=\"https:\/\/medicina.utn.edu.ec\/wp-content\/uploads\/2020\/09\/GIRA-1.jpg 652w, https:\/\/medicina.utn.edu.ec\/wp-content\/uploads\/2020\/09\/GIRA-1-300x175.jpg 300w, https:\/\/medicina.utn.edu.ec\/wp-content\/uploads\/2020\/09\/GIRA-1-360x210.jpg 360w\" sizes=\"(max-width: 652px) 100vw, 652px\" \/><\/figure>\n\n\n\n<p style=\"\u201dtext-align:\" justify;\u201d=\"\">Esta gira constituye una visita t\u00e9cnica y acad\u00e9mica que constituye un recorrido preestablecido en donde se visita una serie de ubicaciones con puntos de inter\u00e9s espec\u00edfico, cada una de esas ubicaciones y puntos de inter\u00e9s guardan informaci\u00f3n espec\u00edfica para ser transmitida.\u201d (Red Nacional de Bibliotecas P\u00fablicas, 2000).<\/p>\n\n\n\n<p style=\"\u201dtext-align:\" justify;\u201d=\"\">En el Servicio Nacional de Medicina Legal y Ciencias Forenses considera como \u00e1reas admisibles para el desarrollo de estas visitas a las \u00e1reas operativas de: Medicina Legal, Psicolog\u00eda Forense, Patolog\u00eda Forense y Psiquiatr\u00eda Forense, Criminal\u00edstica: Inspecci\u00f3n Ocular T\u00e9cnica, Bal\u00edstica, Sistema Integral de cotejamiento bal\u00edstico (IBIS)<\/p>\n\n\n\n<p style=\"text-align:center\"><strong>CAPTURA DE VECTORES RESPONSABLES DE LA TRASMISI\u00d3N DE ENFERMEDADES TROPICALES &#8211; COMUNIDADES LA TOLITA Y VUELTA LARGA&nbsp; <\/strong><\/p>\n\n\n\n<div class=\"wp-block-image\"><figure class=\"aligncenter\"><img loading=\"lazy\" decoding=\"async\" width=\"584\" height=\"364\" src=\"https:\/\/medicina.utn.edu.ec\/wp-content\/uploads\/2020\/09\/GIRA-2.jpg\" alt=\"\" class=\"wp-image-378\" srcset=\"https:\/\/medicina.utn.edu.ec\/wp-content\/uploads\/2020\/09\/GIRA-2.jpg 584w, https:\/\/medicina.utn.edu.ec\/wp-content\/uploads\/2020\/09\/GIRA-2-300x187.jpg 300w, https:\/\/medicina.utn.edu.ec\/wp-content\/uploads\/2020\/09\/GIRA-2-360x224.jpg 360w\" sizes=\"(max-width: 584px) 100vw, 584px\" \/><figcaption> <br> <\/figcaption><\/figure><\/div>\n\n\n\n<p><strong>Lugar: Comunidad de Vuelta\nLarga<\/strong><strong><em><\/em><\/strong><\/p>\n\n\n\n<p style=\"\u201dtext-align:\" justify;\u201d=\"\">En este sector se realiz\u00f3 la charla informativa y la importancia del estudio de vectores. Esta labor se realiz\u00f3 con el objetivo conocer los principales vectores que transmiten enfermedades. Esta actividad se cumpli\u00f3 por parte del profesor acompa\u00f1ante y el profesor responsable junto con los alumnos del quinto semestre de medicina. Adem\u00e1s de aportar con datos cient\u00edficos que ayudan a conocer la incidencia y la prevalencia de este tipo de enfermedades.<\/p>\n\n\n\n<p><strong>Lugar: Comunidad de la\nTolita&nbsp; <\/strong><\/p>\n\n\n\n<p style=\"\u201dtext-align:\" justify;\u201d=\"\">En este sector se realiz\u00f3 la charla de los diferentes instrumentos que se utilizan para la captura de los vectores. Este procedimiento permitir\u00e1 a los estudiantes relacionarse con el manejo de las diversas trampas que se utilizan para el estudio de la taxonom\u00eda y las caracter\u00edsticas propias. Adicionalmente, se explicaron diferentes t\u00e9cnicas de muestreo en campo para fines investigativos<\/p>\n\n\n\n<p> <\/p>\n\n\n\n<p><\/p>\n\n\n\n<p><\/p>\n\n\n\n<p><\/p>\n","protected":false},"excerpt":{"rendered":"<p>La carrera de Medicina de la Universidad T\u00e9cnica del Norte, participa cada per\u00edodo en giras acad\u00e9micas con sus estudiantes; planificadas de acuerdo a los resultados de aprendizaje concebidos en las asignaturas y el nivel acad\u00e9mico. &nbsp;CENTRO \u201cFORENSE\u201d &#8211; &nbsp;FISCAL\u00cdA DEL <a href=\"https:\/\/medicina.utn.edu.ec\/index.php\/giras-academicas\/\" class=\"read-more\">Read More &#8230;<\/a><\/p>\n","protected":false},"author":1,"featured_media":0,"parent":0,"menu_order":0,"comment_status":"closed","ping_status":"closed","template":"","meta":{"footnotes":""},"class_list":["post-119","page","type-page","status-publish","hentry"],"_links":{"self":[{"href":"https:\/\/medicina.utn.edu.ec\/index.php\/wp-json\/wp\/v2\/pages\/119"}],"collection":[{"href":"https:\/\/medicina.utn.edu.ec\/index.php\/wp-json\/wp\/v2\/pages"}],"about":[{"href":"https:\/\/medicina.utn.edu.ec\/index.php\/wp-json\/wp\/v2\/types\/page"}],"author":[{"embeddable":true,"href":"https:\/\/medicina.utn.edu.ec\/index.php\/wp-json\/wp\/v2\/users\/1"}],"replies":[{"embeddable":true,"href":"https:\/\/medicina.utn.edu.ec\/index.php\/wp-json\/wp\/v2\/comments?post=119"}],"version-history":[{"count":6,"href":"https:\/\/medicina.utn.edu.ec\/index.php\/wp-json\/wp\/v2\/pages\/119\/revisions"}],"predecessor-version":[{"id":621,"href":"https:\/\/medicina.utn.edu.ec\/index.php\/wp-json\/wp\/v2\/pages\/119\/revisions\/621"}],"wp:attachment":[{"href":"https:\/\/medicina.utn.edu.ec\/index.php\/wp-json\/wp\/v2\/media?parent=119"}],"curies":[{"name":"wp","href":"https:\/\/api.w.org\/{rel}","templated":true}]}}