{"id":24,"date":"2017-10-04T20:12:18","date_gmt":"2017-10-04T20:12:18","guid":{"rendered":"http:\/\/www.utn.edu.ec\/fccss\/carreras\/medicina\/?page_id=24"},"modified":"2025-04-30T17:37:40","modified_gmt":"2025-04-30T17:37:40","slug":"nuestra-carrera","status":"publish","type":"page","link":"https:\/\/medicina.utn.edu.ec\/index.php\/informacion\/nuestra-carrera\/","title":{"rendered":"Nuestra Carrera"},"content":{"rendered":"<p><a href=\"https:\/\/medicina.utn.edu.ec\/wp-content\/uploads\/2017\/10\/coordinadora-300x238.jpg\"><img loading=\"lazy\" decoding=\"async\" class=\"size-medium wp-image-270 aligncenter\" src=\"https:\/\/medicina.utn.edu.ec\/wp-content\/uploads\/2024\/11\/coordinadora2.jpg\" alt=\"Coordinadora Carrera de Medicina\" width=\"300\" height=\"238\" \/><\/a><\/p>\n<blockquote>\n<p style=\"text-align: center;\">Dra. Carmen Cecilia Pacheco Quintana, PHD<br \/>\n<strong>COORDINADORA CARRERA DE MEDICINA<br \/>\nccpacheco@utn.edu.ec <\/strong><\/p>\n<\/blockquote>\n<p>Bienvenidos a la carrera de Medicina<\/p>\n<p style=\"text-align: justify;\">La medicina es la ciencia de la salud que previene, diagnostica, pronostica y trata enfermedades de los seres humanos. El m\u00e9dico es un profesional capacitado para usar sus conocimientos profesionales para el mantenimiento o mejora de la salud humana en casas de salud, investigaci\u00f3n o docencia en instituciones p\u00fablicas o privadas.<\/p>\n<p style=\"text-align: justify;\">La carrera de Medicina de la Universidad T\u00e9cnica del Norte est\u00e1 estructurada para servir a todos los sectores sociales y estrat\u00e9gicos del norte del pa\u00eds conociendo la realidad nacional.<\/p>\n<p style=\"text-align: justify;\">Nuestro compromiso es formar m\u00e9dicos humanistas y de excelencia con amplios conocimientos, habilidades y destrezas comprometidos con su entorno, cr\u00edticos, libres, \u00e9ticos, justos y actores de cambio generando un impacto positivo en la calidad de vida del individuo.<\/p>\n<p style=\"text-align: justify;\">Te invitamos a ser parte de la nueva generaci\u00f3n de m\u00e9dicos que busca servir, mejorar e innovar el \u00e1rea m\u00e9dica formados en la mejor instituci\u00f3n del norte del pa\u00eds.<\/p>\n<p style=\"background: white; margin: 0cm 0cm 11.25pt; text-align: right;\">\n","protected":false},"excerpt":{"rendered":"<p>Dra. Carmen Cecilia Pacheco Quintana, PHD COORDINADORA CARRERA DE MEDICINA ccpacheco@utn.edu.ec Bienvenidos a la carrera de Medicina La medicina es la ciencia de la salud que previene, diagnostica, pronostica y trata enfermedades de los seres humanos. El m\u00e9dico es un <a href=\"https:\/\/medicina.utn.edu.ec\/index.php\/informacion\/nuestra-carrera\/\" class=\"read-more\">Read More &#8230;<\/a><\/p>\n","protected":false},"author":1,"featured_media":0,"parent":6,"menu_order":0,"comment_status":"closed","ping_status":"closed","template":"","meta":{"footnotes":""},"class_list":["post-24","page","type-page","status-publish","hentry"],"_links":{"self":[{"href":"https:\/\/medicina.utn.edu.ec\/index.php\/wp-json\/wp\/v2\/pages\/24"}],"collection":[{"href":"https:\/\/medicina.utn.edu.ec\/index.php\/wp-json\/wp\/v2\/pages"}],"about":[{"href":"https:\/\/medicina.utn.edu.ec\/index.php\/wp-json\/wp\/v2\/types\/page"}],"author":[{"embeddable":true,"href":"https:\/\/medicina.utn.edu.ec\/index.php\/wp-json\/wp\/v2\/users\/1"}],"replies":[{"embeddable":true,"href":"https:\/\/medicina.utn.edu.ec\/index.php\/wp-json\/wp\/v2\/comments?post=24"}],"version-history":[{"count":16,"href":"https:\/\/medicina.utn.edu.ec\/index.php\/wp-json\/wp\/v2\/pages\/24\/revisions"}],"predecessor-version":[{"id":901,"href":"https:\/\/medicina.utn.edu.ec\/index.php\/wp-json\/wp\/v2\/pages\/24\/revisions\/901"}],"up":[{"embeddable":true,"href":"https:\/\/medicina.utn.edu.ec\/index.php\/wp-json\/wp\/v2\/pages\/6"}],"wp:attachment":[{"href":"https:\/\/medicina.utn.edu.ec\/index.php\/wp-json\/wp\/v2\/media?parent=24"}],"curies":[{"name":"wp","href":"https:\/\/api.w.org\/{rel}","templated":true}]}}