{"id":27,"date":"2017-10-04T20:19:01","date_gmt":"2017-10-04T20:19:01","guid":{"rendered":"http:\/\/www.utn.edu.ec\/fccss\/carreras\/medicina\/?page_id=27"},"modified":"2023-01-11T16:18:55","modified_gmt":"2023-01-11T16:18:55","slug":"ficha-de-carrera","status":"publish","type":"page","link":"https:\/\/medicina.utn.edu.ec\/index.php\/ficha-de-carrera\/","title":{"rendered":"Ficha de Carrera"},"content":{"rendered":"\n\n\n<table>\n<tbody>\n<tr>\n<td colspan=\"2\" width=\"586\">\n<h2 style=\"text-align: center;\"><strong>CARRERA DE MEDICINA<\/strong><\/h2>\n<\/td>\n<\/tr>\n<tr>\n<td style=\"text-align: left;\" width=\"255\">\n<p><strong>Nombre de la Carrera:<\/strong><\/p>\n<\/td>\n<td style=\"text-align: left;\" width=\"331\">\n<p>MEDICINA<\/p>\n<\/td>\n<\/tr>\n<tr>\n<td style=\"text-align: left;\" width=\"255\">\n<p><strong>Tipo de formaci\u00f3n:<\/strong><\/p>\n<\/td>\n<td style=\"text-align: left;\" width=\"331\">\n<p>Tercer Nivel<\/p>\n<\/td>\n<\/tr>\n<tr>\n<td style=\"text-align: left;\" width=\"255\">\n<p><strong>Campo amplio:<\/strong><\/p>\n<\/td>\n<td style=\"text-align: left;\" width=\"331\">\n<p>Salud y Bienestar<\/p>\n<\/td>\n<\/tr>\n<tr>\n<td style=\"text-align: left;\" width=\"255\">\n<p><strong>Campo espec\u00edfico:<\/strong><\/p>\n<\/td>\n<td style=\"text-align: left;\" width=\"331\">\n<p>Salud<\/p>\n<\/td>\n<\/tr>\n<tr>\n<td style=\"text-align: left;\" width=\"255\">\n<p><strong>Campo detallado:<\/strong><\/p>\n<\/td>\n<td style=\"text-align: left;\" width=\"331\">\n<p>Medicina Humana<\/p>\n<\/td>\n<\/tr>\n<tr>\n<td style=\"text-align: left;\" width=\"255\">\n<p><strong>T\u00edtulo que otorga:<\/strong><\/p>\n<\/td>\n<td style=\"text-align: left;\" width=\"331\">\n<p>M\u00e9dico\/a General<\/p>\n<\/td>\n<\/tr>\n<tr>\n<td style=\"text-align: left;\" width=\"255\">\n<p><strong>Modalidad de aprendizaje:<\/strong><\/p>\n<\/td>\n<td style=\"text-align: left;\" width=\"331\">\n<p>Presencial<\/p>\n<\/td>\n<\/tr>\n<tr>\n<td style=\"text-align: left;\" width=\"255\">\n<p><strong>N\u00famero de per\u00edodos Ordinarios:<\/strong><\/p>\n<\/td>\n<td style=\"text-align: left;\" width=\"331\">\n<p>10 PAO<\/p>\n<\/td>\n<\/tr>\n<tr>\n<td style=\"text-align: left;\" width=\"255\">\n<p><strong>Pr\u00e1cticas Preprofesionales \/ Internado Rotativo:<\/strong><\/p>\n<\/td>\n<td style=\"text-align: left;\" width=\"331\">\n<p>\u00a01 a\u00f1o<\/p>\n<\/td>\n<\/tr>\n<tr>\n<td style=\"text-align: left;\" width=\"255\">\n<p><strong>N\u00famero de horas por periodo acad\u00e9mico:<\/strong><\/p>\n<\/td>\n<td style=\"text-align: left;\" width=\"331\">\n<p>800<\/p>\n<\/td>\n<\/tr>\n<tr>\n<td style=\"text-align: left;\" width=\"255\">\n<p><strong>N\u00famero de semanas por periodo acad\u00e9mico:<\/strong><\/p>\n<\/td>\n<td style=\"text-align: left;\" width=\"331\">\n<p>16<\/p>\n<\/td>\n<\/tr>\n<tr>\n<td style=\"text-align: left;\" width=\"255\">\n<p><strong>Total de horas de la carrera:<\/strong><\/p>\n<\/td>\n<td style=\"text-align: left;\" width=\"331\">\n<p>8000<\/p>\n<\/td>\n<\/tr>\n<tr>\n<td style=\"text-align: left;\" width=\"255\">\n<p><strong>Horas de Pr\u00e1cticas Preprofesionales\/ Internado Rotativo: <\/strong><\/p>\n<\/td>\n<td style=\"text-align: left;\" width=\"331\">\n<p>4160 horas<\/p>\n<\/td>\n<\/tr>\n<tr>\n<td style=\"text-align: left;\" width=\"255\">\n<p><strong>N\u00famero de paralelos:<\/strong><\/p>\n<\/td>\n<td style=\"text-align: left;\" width=\"331\">\n<p>1<\/p>\n<\/td>\n<\/tr>\n<tr>\n<td style=\"text-align: left;\" width=\"255\">\n<p><strong>N\u00famero de estudiantes por paralelo:<\/strong><\/p>\n<\/td>\n<td style=\"text-align: left;\" width=\"331\">\n<p>35<\/p>\n<\/td>\n<\/tr>\n<\/tbody>\n<\/table>\n","protected":false},"excerpt":{"rendered":"<p>CARRERA DE MEDICINA Nombre de la Carrera: MEDICINA Tipo de formaci\u00f3n: Tercer Nivel Campo amplio: Salud y Bienestar Campo espec\u00edfico: Salud Campo detallado: Medicina Humana T\u00edtulo que otorga: M\u00e9dico\/a General Modalidad de aprendizaje: Presencial N\u00famero de per\u00edodos Ordinarios: 10 PAO <a href=\"https:\/\/medicina.utn.edu.ec\/index.php\/ficha-de-carrera\/\" class=\"read-more\">Read More &#8230;<\/a><\/p>\n","protected":false},"author":1,"featured_media":0,"parent":0,"menu_order":0,"comment_status":"closed","ping_status":"closed","template":"","meta":{"footnotes":""},"class_list":["post-27","page","type-page","status-publish","hentry"],"_links":{"self":[{"href":"https:\/\/medicina.utn.edu.ec\/index.php\/wp-json\/wp\/v2\/pages\/27"}],"collection":[{"href":"https:\/\/medicina.utn.edu.ec\/index.php\/wp-json\/wp\/v2\/pages"}],"about":[{"href":"https:\/\/medicina.utn.edu.ec\/index.php\/wp-json\/wp\/v2\/types\/page"}],"author":[{"embeddable":true,"href":"https:\/\/medicina.utn.edu.ec\/index.php\/wp-json\/wp\/v2\/users\/1"}],"replies":[{"embeddable":true,"href":"https:\/\/medicina.utn.edu.ec\/index.php\/wp-json\/wp\/v2\/comments?post=27"}],"version-history":[{"count":11,"href":"https:\/\/medicina.utn.edu.ec\/index.php\/wp-json\/wp\/v2\/pages\/27\/revisions"}],"predecessor-version":[{"id":693,"href":"https:\/\/medicina.utn.edu.ec\/index.php\/wp-json\/wp\/v2\/pages\/27\/revisions\/693"}],"wp:attachment":[{"href":"https:\/\/medicina.utn.edu.ec\/index.php\/wp-json\/wp\/v2\/media?parent=27"}],"curies":[{"name":"wp","href":"https:\/\/api.w.org\/{rel}","templated":true}]}}