{"id":29,"date":"2017-10-04T20:19:01","date_gmt":"2017-10-04T20:19:01","guid":{"rendered":"http:\/\/www.utn.edu.ec\/fccss\/carreras\/medicina\/?page_id=29"},"modified":"2025-04-30T17:40:23","modified_gmt":"2025-04-30T17:40:23","slug":"mision-y-vision","status":"publish","type":"page","link":"https:\/\/medicina.utn.edu.ec\/index.php\/mision-y-vision\/","title":{"rendered":"Misi\u00f3n y Visi\u00f3n"},"content":{"rendered":"<p style=\"text-align: center;\"><strong><span style=\"color: #ff0000;\">MISI\u00d3N<\/span><\/strong><\/p>\n<p style=\"text-align: justify;\">La Carrera de Medicina de la Universidad T\u00e9cnica del Norte, formar profesionales m\u00e9dicos de excelencia, \u00e9ticos, cr\u00edticos y humanistas; capaces de garantizar un servicio de salud eficiente, con calidad y calidez, basados en la propuesta de atenci\u00f3n primaria de salud renovada y la promoci\u00f3n de la salud, considerando las pol\u00edticas nacionales en el sector salud, acorde a los derechos de la ciudadan\u00eda, establecidos en la Constituci\u00f3n de la Rep\u00fablica del Ecuador.<\/p>\n<p style=\"text-align: center;\"><strong><span style=\"color: #ff0000;\">VISI\u00d3N<\/span><\/strong><\/p>\n<p>En el a\u00f1o 2026 la Carrera de Medicina de la Universidad T\u00e9cnica del Norte, ser\u00e1 un referente a nivel nacional en la formaci\u00f3n de profesionales m\u00e9dicos\/as, desarrolla proyectos de investigaci\u00f3n e innovaci\u00f3n con docentes y estudiantes, respondiendo as\u00ed a la demanda de las instituciones de salud.<\/p>\n","protected":false},"excerpt":{"rendered":"<p>MISI\u00d3N La Carrera de Medicina de la Universidad T\u00e9cnica del Norte, formar profesionales m\u00e9dicos de excelencia, \u00e9ticos, cr\u00edticos y humanistas; capaces de garantizar un servicio de salud eficiente, con calidad y calidez, basados en la propuesta de atenci\u00f3n primaria de <a href=\"https:\/\/medicina.utn.edu.ec\/index.php\/mision-y-vision\/\" class=\"read-more\">Read More &#8230;<\/a><\/p>\n","protected":false},"author":1,"featured_media":0,"parent":0,"menu_order":0,"comment_status":"closed","ping_status":"closed","template":"","meta":{"footnotes":""},"class_list":["post-29","page","type-page","status-publish","hentry"],"_links":{"self":[{"href":"https:\/\/medicina.utn.edu.ec\/index.php\/wp-json\/wp\/v2\/pages\/29"}],"collection":[{"href":"https:\/\/medicina.utn.edu.ec\/index.php\/wp-json\/wp\/v2\/pages"}],"about":[{"href":"https:\/\/medicina.utn.edu.ec\/index.php\/wp-json\/wp\/v2\/types\/page"}],"author":[{"embeddable":true,"href":"https:\/\/medicina.utn.edu.ec\/index.php\/wp-json\/wp\/v2\/users\/1"}],"replies":[{"embeddable":true,"href":"https:\/\/medicina.utn.edu.ec\/index.php\/wp-json\/wp\/v2\/comments?post=29"}],"version-history":[{"count":7,"href":"https:\/\/medicina.utn.edu.ec\/index.php\/wp-json\/wp\/v2\/pages\/29\/revisions"}],"predecessor-version":[{"id":903,"href":"https:\/\/medicina.utn.edu.ec\/index.php\/wp-json\/wp\/v2\/pages\/29\/revisions\/903"}],"wp:attachment":[{"href":"https:\/\/medicina.utn.edu.ec\/index.php\/wp-json\/wp\/v2\/media?parent=29"}],"curies":[{"name":"wp","href":"https:\/\/api.w.org\/{rel}","templated":true}]}}