{"id":334,"date":"2020-04-22T20:36:52","date_gmt":"2020-04-22T20:36:52","guid":{"rendered":"https:\/\/www.utn.edu.ec\/fccss\/carreras\/medicina\/?page_id=334"},"modified":"2023-02-28T14:42:41","modified_gmt":"2023-02-28T14:42:41","slug":"programas-de-investigacion-2","status":"publish","type":"page","link":"https:\/\/medicina.utn.edu.ec\/index.php\/programas-de-investigacion-2\/","title":{"rendered":"Proyectos de Investigaci\u00f3n"},"content":{"rendered":"\n\n\n<table>\n<tbody>\n<tr>\n<td width=\"33\">\n<p>No<\/p>\n<\/td>\n<td width=\"186\">\n<p>PROYECTO<\/p>\n<\/td>\n<td width=\"178\">\n<p>INVESTIGADORES<\/p>\n<\/td>\n<td width=\"99\">\n<p>FECHA DE INICIO<\/p>\n<\/td>\n<td width=\"102\">\n<p>FECHA DE CIERRE<\/p>\n<\/td>\n<\/tr>\n<tr>\n<td width=\"33\">\n<p>1<\/p>\n<\/td>\n<td width=\"186\">\n<p>INVESTIGACI\u00d3N AVANZADA DESARROLLADA PARA POTENCIAR LA CALIDAD DE LA EDUCACI\u00d3N SUPERIOR.\u00a0\u00a0<\/p>\n<\/td>\n<td width=\"178\">\n<p>PhD. Dra. Carmen Cecilia Pacheco Quintana<\/p>\n<p>MSC. Andrea Huaca Guevara<\/p>\n<p>Dra. Alicia Salom\u00e9 Gordillo Alarc\u00f3n<\/p>\n<p>MSC. Miguel Rolando L\u00f3pez Garc\u00eda<\/p>\n<p>MSC. Andrea Paulina Garrido Su\u00e1rez<\/p>\n<p>PhD. Liana Fuentes Seisdedos<\/p>\n<\/td>\n<td width=\"99\">\n<p>05\/02\/2018<\/p>\n<\/td>\n<td width=\"102\">\n<p>05\/02\/2019<\/p>\n<\/td>\n<\/tr>\n<tr>\n<td width=\"33\">\n<p>2<\/p>\n<\/td>\n<td width=\"186\">\n<p>APROVERCHAMIENTO DE LAS BONDADES MEDICINALES Y NUTRICIONALES DE LA J\u00cdCAMA.<\/p>\n<\/td>\n<td width=\"178\">\n<p>Dra. Alicia Salom\u00e9 Gordillo Alarc\u00f3n<\/p>\n<p>PhD. Eloy Fern\u00e1ndez<\/p>\n<p>PhD. Miguel Naranjo Toro<\/p>\n<p>MSC. Alejandra G\u00f3mez Gordillo<\/p>\n<p>MSC. Gladis Graciela Ram\u00edrez<\/p>\n<p>MSC. Roc\u00edo Castillo Andrade<\/p>\n<\/td>\n<td width=\"99\">\n<p>19\/05\/2017<\/p>\n<\/td>\n<td width=\"102\">\n<p>31\/01\/2019<\/p>\n<\/td>\n<\/tr>\n<tr>\n<td width=\"33\">\n<p>3<\/p>\n<\/td>\n<td width=\"186\">\n<p>ATENCI\u00d3N M\u00c9DICA, FISIOTERAPE\u00daTICA Y NUTRICIONAL A PERSONAS QUE PRACTICAN DEPORTE EN LOS CLUBES DEPORTIVOS DE LA UTN.<\/p>\n<\/td>\n<td width=\"178\">\n<p>Dr. Secundino Gonz\u00e1lez Pardo<\/p>\n<p>Dra. Alicia Salom\u00e9 Gordillo Alarc\u00f3n<\/p>\n<p>Dr. Jorge Luis Anaya Gonz\u00e1lez<\/p>\n<p>Dra. Jeliz Reyes Zamora<\/p>\n<p>Dra. Adriana Miniet Castillo<\/p>\n<p>MSC. Erl\u00e9n Carmona \u00c1lvarez-Builla<\/p>\n<p>MSC. Roc\u00edo Castillo Andrade<\/p>\n<p>MSC. Andrea Huaca Guevara<\/p>\n<p>Lic. Ivonne Perugachi<\/p>\n<\/td>\n<td width=\"99\">\n<p>01\/11\/2017<\/p>\n<\/td>\n<td width=\"102\">\n<p>31\/07\/2019<\/p>\n<\/td>\n<\/tr>\n<tr>\n<td width=\"33\">\n<p>4<\/p>\n<\/td>\n<td width=\"186\">\n<p>DIAFANIZACI\u00d3N EMBRIO-FETAL Y ESPL\u00c1CNICA.<\/p>\n<\/td>\n<td width=\"178\">\n<p>Dr. Jorge Luis Anaya Gonz\u00e1lez<\/p>\n<p>Dra. Adriana Miniet Castillo<\/p>\n<p>Dra. Jeliz Reyes Zamora<\/p>\n<p>Dr. Rodrigo Alvear Reascos<\/p>\n<p>Dra. Alicia Salom\u00e9 Gordillo Alarc\u00f3n<\/p>\n<p>Dr. Secundino Gonz\u00e1lez Pardo<\/p>\n<p>MSC. Tatiana V\u00e1zquez<\/p>\n<p>MSC. Andrea Huaca Guevara<\/p>\n<p>Ing. Edison Rodr\u00edguez<\/p>\n<\/td>\n<td width=\"99\">\n<p>01\/08\/2018<\/p>\n<\/td>\n<td width=\"102\">\n<p>30\/08\/2019<\/p>\n<\/td>\n<\/tr>\n<tr>\n<td width=\"33\">\n<p>5<\/p>\n<\/td>\n<td width=\"186\">\n<p>IDENTIFICACI\u00d3N E INTERVENCI\u00d3N INTEGRAL EN ENFERMEDADES CR\u00d3NICAS NO TRANSMISIBLES EN EL CANT\u00d3N IBARRA.<\/p>\n<\/td>\n<td width=\"178\">\n<p>Dra. Alicia Salom\u00e9 Gordillo Alarc\u00f3n<\/p>\n<p>Dr. Jorge Luis Anaya Gonz\u00e1lez<\/p>\n<p>PhD. Dra. Carmen Cecilia Pacheco Quintana<\/p>\n<p>Dr. Rodrigo Alvear Reascos<\/p>\n<p>Dra. Adriana Miniet Castillo<\/p>\n<p>Dr. Secundino Gonz\u00e1lez Pardo<\/p>\n<p>MSC. Cristina Vaca<\/p>\n<p>MSC. Alan Proa\u00f1o<\/p>\n<\/td>\n<td width=\"99\">\n<p>01\/04\/2018<\/p>\n<\/td>\n<td width=\"102\">\n<p>30\/04\/2019<\/p>\n<\/td>\n<\/tr>\n<tr>\n<td width=\"33\">\n<p>6<\/p>\n<\/td>\n<td width=\"186\">\n<p>MEJORAMIENTO DE LAS CAPACIDADES DE INVESTIGACI\u00d3N EN DOCENTES DE LA FCS<\/p>\n<p>\u00a0<\/p>\n<\/td>\n<td width=\"178\">\n<p>Dra. Alicia Salom\u00e9 Gordillo Alarc\u00f3n<\/p>\n<p>\u00a0<\/p>\n<\/td>\n<td width=\"99\">\n<p>10\/01\/2018<\/p>\n<\/td>\n<td width=\"102\">\n<p>10\/01\/2020<\/p>\n<\/td>\n<\/tr>\n<tr>\n<td width=\"33\">\n<p>7<\/p>\n<\/td>\n<td width=\"186\">\n<p>RENDIMIENTO ACADEMICO Y SU RELACION CON LOS TRASTORNOS MENTALES, FUNCIONALIDAD FAMILIAR, SEGURIDAD ALIMENTARIA, USO DE TECNOLOG\u00cdAS Y M\u00c9TODOS DID\u00c1CTICOS EN LOS ESTUDIANTES UNIVERSITARIOS<\/p>\n<\/td>\n<td width=\"178\">\n<p>Dr. Rodrigo Alvear Reascos<\/p>\n<p>Msc. Grace Andrea Huaca Guevara<\/p>\n<p>Dra. Lola Yesenia Acosta<\/p>\n<p>MSc. Alejandra G\u00f3mez Gordillo<\/p>\n<p>Cristina Vaca Orellana<\/p>\n<\/td>\n<td width=\"99\">\n<p>20\/03\/2019<\/p>\n<\/td>\n<td width=\"102\">\n<p>20\/03\/2020<\/p>\n<\/td>\n<\/tr>\n<tr>\n<td width=\"33\">\n<p>8<\/p>\n<\/td>\n<td width=\"186\">\n<p>IMPLEMENTACI\u00d3N DE LA SIMULACI\u00d3N CL\u00cdNICA COMO ESTRATEGIA DE APRENDIZAJE DE LA CARRERA DE MEDICINA.<\/p>\n<\/td>\n<td width=\"178\">\n<p>Dra. Salom\u00e9 Gordillo Alarc\u00f3n<\/p>\n<p>Dra. Carmen Cecilia Pacheco Quintana<\/p>\n<p>Dra. Adriana Edit Miniet Castillo<\/p>\n<p>Dra Jelix Reyes Zamora<\/p>\n<p>Ing. Geovanny Rodriguez Cervantes<\/p>\n<p>Ing. Alan Proa\u00f1o Rosero<\/p>\n<\/td>\n<td width=\"99\">\n<p>07\/03\/2019<\/p>\n<\/td>\n<td width=\"102\">\n<p>07\/03\/2020<\/p>\n<\/td>\n<\/tr>\n<tr>\n<td width=\"33\">\n<p>9<\/p>\n<\/td>\n<td width=\"186\">\n<p>MEJORA DE LAS COMPETENCIAS DE INVESTIGACI\u00d3N DEL PERSONAL DOCENTE DE LA SALUD PARA MEJORAR LA PR\u00c1CTICA BASADA EN LA EVIDENCIA EN EL CAMPO<\/p>\n<\/td>\n<td width=\"178\">\n<p>Dra. Salom\u00e9 Gordillo<\/p>\n<p>MSc. Roc\u00edo Castillo<\/p>\n<p>Dr. Jorge Luis Anaya<\/p>\n<p>MSc. Viviana Espinel<\/p>\n<p>MSc. Alejandra G\u00f3mez<\/p>\n<p>Dr. Sencundino Gonz\u00e1lez<\/p>\n<p>MSc. Andrea Huaca<\/p>\n<p>Dra. Adriana Miniet<\/p>\n<p>MSc. Wladimir Villafuerte<\/p>\n<p>\u00a0<\/p>\n<\/td>\n<td width=\"99\">\n<p>01\/01\/2021<\/p>\n<\/td>\n<td width=\"102\">\n<p>01\/11\/2022<\/p>\n<\/td>\n<\/tr>\n<tr>\n<td width=\"33\">\n<p>10<\/p>\n<\/td>\n<td width=\"186\">\n<p>FACTORES ASOCIADOS A ENFERMEDAD POR COVID-19 EN PACIENTES TRATADOS EN LOS HOSPITALES DE IBARRA. 2020-2021<\/p>\n<\/td>\n<td width=\"178\">\n<p>Dr. Jorge Luis Anaya Gonz\u00e1lez<\/p>\n<p>Dr. Secundino Gonz\u00e1lez Pardo<\/p>\n<p>Dr. Juan Francisco Vaca O\u00f1a<\/p>\n<p>MsC. Geovanny Rodr\u00edguez Cervantes<\/p>\n<p>Dr. Douglas Humberto Barros Bravo<\/p>\n<p>Dra. Mirna Marrero Fleita<\/p>\n<p>Dra. Catherine Loj\u00e1n Gonz\u00e1les<\/p>\n<\/td>\n<td width=\"99\">\n<p>01\/10\/2021<\/p>\n<\/td>\n<td width=\"102\">\n<p>30\/09\/2022<\/p>\n<\/td>\n<\/tr>\n<tr>\n<td width=\"33\">\n<p>11<\/p>\n<\/td>\n<td width=\"186\">\n<p>PREVALENCIA DE TRASTORNOS MENTALES EN UNIDADES DE ATENCI\u00d3N PRIMARIA DE SALUD DEL CANT\u00d3N IBARRA<\/p>\n<\/td>\n<td width=\"178\">\n<p>Dra. Yesenia Acosta<\/p>\n<p>Dr. Rodrigo Alvear<\/p>\n<p>Dra. Jacqueline Pozo<\/p>\n<p>Mcs. Amparito Barahona<\/p>\n<\/td>\n<td width=\"99\">\n<p>21\/01\/2022<\/p>\n<\/td>\n<td width=\"102\">\n<p>20\/01\/2023<\/p>\n<\/td>\n<\/tr>\n<tr>\n<td width=\"33\">\n<p>12<\/p>\n<\/td>\n<td width=\"186\">\n<p>LA PROMOCI\u00d3N DE SALUD COMO ESTRATEGIA DE FORMACI\u00d3N PROFESIONAL EN ESTUDIANTES DE MEDICINA. UTN. 2022<\/p>\n<\/td>\n<td width=\"178\">\n<p>PhD. Pacheco Quintana Carmen Cecilia<\/p>\n<p>Dra. Miniet Castillo Adriana<\/p>\n<p>Dra. Salome Gordillo Alarc\u00f3n<\/p>\n<p>Dra. Secundino Gonz\u00e1lez Pardo<\/p>\n<p>MSc. Mar\u00eda Jos\u00e9 B\u00e1ez Calder\u00f3n<\/p>\n<p>Dra. Mar\u00eda Jos\u00e9 Ortiz Baez<\/p>\n<\/td>\n<td width=\"99\">\n<p>01\/03\/2022<\/p>\n<\/td>\n<td width=\"102\">\n<p>01\/03\/2023<\/p>\n<\/td>\n<\/tr>\n<tr>\n<td width=\"33\">\n<p>13<\/p>\n<\/td>\n<td width=\"186\">\n<p>INTELIGENCIA EMOCIONAL Y SATISFACCI\u00d3N CON LA VIDA EN ESTUDIANTES DE LA UNIVERSIDAD T\u00c9CNICA DEL NORTE EN TIEMPOS DE COVID-19<\/p>\n<\/td>\n<td width=\"178\">\n<p>MSc. Huaca Guevara Andrea<\/p>\n<p>Dra. Miniet Castillo Adriana<\/p>\n<p>MSc. Roc\u00edo Castillo<\/p>\n<p>MSc. Alejandra Maribel G\u00f3mez<\/p>\n<\/td>\n<td width=\"99\">\n<p>07\/02\/2022<\/p>\n<\/td>\n<td width=\"102\">\n<p>07\/02\/2023<\/p>\n<\/td>\n<\/tr>\n<tr>\n<td width=\"33\">\n<p>14<\/p>\n<\/td>\n<td width=\"186\">\n<p>LAS INTERVENCIONES INTEGRALES APLICADAS A PROBLEMAS PREVALENTES DE SALUD EN LA ZONA 1, ECUADOR.<\/p>\n<\/td>\n<td width=\"178\">\n<p>Dra. Carmen Cecilia Pacheco<\/p>\n<p>Dra. Adriana Miniet Castillo<\/p>\n<p>Dr. Holger Pa\u00fal Espinosa<\/p>\n<p>Dr. Alvear Reascos Rodrigo<\/p>\n<p>Dra. Jackeline Andrea Pozo<\/p>\n<p>Dra. Salome Gordillo Alarc\u00f3n<\/p>\n<p>Dra. Yesenia Acosta Vinueza<\/p>\n<\/td>\n<td width=\"99\">\n<p>09\/02\/2022<\/p>\n<\/td>\n<td width=\"102\">\n<p>09\/02\/2022<\/p>\n<\/td>\n<\/tr>\n<\/tbody>\n<\/table>\n","protected":false},"excerpt":{"rendered":"<p>No PROYECTO INVESTIGADORES FECHA DE INICIO FECHA DE CIERRE 1 INVESTIGACI\u00d3N AVANZADA DESARROLLADA PARA POTENCIAR LA CALIDAD DE LA EDUCACI\u00d3N SUPERIOR.\u00a0\u00a0 PhD. Dra. Carmen Cecilia Pacheco Quintana MSC. Andrea Huaca Guevara Dra. Alicia Salom\u00e9 Gordillo Alarc\u00f3n MSC. Miguel Rolando L\u00f3pez <a href=\"https:\/\/medicina.utn.edu.ec\/index.php\/programas-de-investigacion-2\/\" class=\"read-more\">Read More &#8230;<\/a><\/p>\n","protected":false},"author":1,"featured_media":0,"parent":0,"menu_order":0,"comment_status":"closed","ping_status":"closed","template":"","meta":{"footnotes":""},"class_list":["post-334","page","type-page","status-publish","hentry"],"_links":{"self":[{"href":"https:\/\/medicina.utn.edu.ec\/index.php\/wp-json\/wp\/v2\/pages\/334"}],"collection":[{"href":"https:\/\/medicina.utn.edu.ec\/index.php\/wp-json\/wp\/v2\/pages"}],"about":[{"href":"https:\/\/medicina.utn.edu.ec\/index.php\/wp-json\/wp\/v2\/types\/page"}],"author":[{"embeddable":true,"href":"https:\/\/medicina.utn.edu.ec\/index.php\/wp-json\/wp\/v2\/users\/1"}],"replies":[{"embeddable":true,"href":"https:\/\/medicina.utn.edu.ec\/index.php\/wp-json\/wp\/v2\/comments?post=334"}],"version-history":[{"count":3,"href":"https:\/\/medicina.utn.edu.ec\/index.php\/wp-json\/wp\/v2\/pages\/334\/revisions"}],"predecessor-version":[{"id":740,"href":"https:\/\/medicina.utn.edu.ec\/index.php\/wp-json\/wp\/v2\/pages\/334\/revisions\/740"}],"wp:attachment":[{"href":"https:\/\/medicina.utn.edu.ec\/index.php\/wp-json\/wp\/v2\/media?parent=334"}],"curies":[{"name":"wp","href":"https:\/\/api.w.org\/{rel}","templated":true}]}}