{"id":54,"date":"2017-10-04T20:25:06","date_gmt":"2017-10-04T20:25:06","guid":{"rendered":"http:\/\/www.utn.edu.ec\/fccss\/carreras\/medicina\/?page_id=54"},"modified":"2017-10-23T20:21:14","modified_gmt":"2017-10-23T20:21:14","slug":"perfil-de-ingreso","status":"publish","type":"page","link":"https:\/\/medicina.utn.edu.ec\/index.php\/perfil-de-ingreso\/","title":{"rendered":"Perfil de Ingreso"},"content":{"rendered":"<p><span style=\"color: #c21717;\"><strong>PERFIL DE INGRESO<\/strong><\/span><\/p>\n<p>Aprobar el examen de Ingreso SNNA, con el puntaje establecido para la carrera de Medicina.<\/p>\n<p>Aprobar el examen de exoneraci\u00f3n y\/o el Curso de Nivelaci\u00f3n.<\/p>\n<p>La Ley Org\u00e1nica de Educaci\u00f3n Superior (LOES), manifiesta que el bachiller para ingresar a una carrera Universitaria de las Instituciones de Educaci\u00f3n Superior (p\u00fablicas), entre ellas Medicina, tiene 2 opciones de ingreso: aprobar el Examen de Ingreso o aprobar el Curso de Nivelaci\u00f3n cumplir con los requisitos legales o reglamentarios vigentes y comprometerse al fiel cumplimiento de los objetivos institucionales de la Universidad T\u00e9cnica del Norte.<\/p>\n<p>El perfil id\u00f3neo de una persona que espera cursar Medicina en nuestra Universidad deber\u00e1 reunir los siguientes valores:<\/p>\n<ul>\n<li>Alta vocaci\u00f3n human\u00edstica, de servicio, con actitud \u00e9tica y elevado sentido de solidaridad.<\/li>\n<li>Alto compromiso acad\u00e9mico, curiosidad cient\u00edfica, disposici\u00f3n para investigaci\u00f3n y soluci\u00f3n de problemas a trav\u00e9s de un trabajo en equipo, preocupado de la calidad de sus tareas.<\/li>\n<li>Observancia de valores morales exigidos por la sociedad en la realizaci\u00f3n de su diario quehacer.<\/li>\n<\/ul>\n<p><span style=\"color: #c21717;\"><strong>REQUISITOS DE INGRESO<\/strong><\/span><\/p>\n<p>Poseer t\u00edtulo de bachiller o su equivalente<\/p>\n<p>Haber cumplido los requisitos normados por el Sistema Nacional de Nivelaci\u00f3n y Admisi\u00f3n<\/p>\n<p>El Art. 82 de la Ley Org\u00e1nica de Educaci\u00f3n Superior vigente en el Ecuador desde el 12 de octubre del 2010, se\u00f1ala los requisitos para el ingreso a las instituciones del Sistema de Educaci\u00f3n Superior.<\/p>\n<p>Para el ingreso a las instituciones de educaci\u00f3n superior se requiere:<\/p>\n<p>1.-Poseer t\u00edtulo de bachiller o su equivalente, de conformidad con la Ley; y,<\/p>\n<p>2.- En el caso de las instituciones de educaci\u00f3n superior p\u00fablicas, haber cumplido los requisitos normados por el Sistema de Nivelaci\u00f3n y Admisi\u00f3n, el mismo que observar\u00e1 los principios de igualdad de oportunidades, m\u00e9rito y capacidad.<\/p>\n<p>Las instituciones del Sistema de Educaci\u00f3n Superior aceptar\u00e1n los t\u00edtulos de bachilleres obtenidos en el extranjero, reconocidos o equiparados por el Ministerio de Educaci\u00f3n.<\/p>\n<p>Para el ingreso de las y los estudiantes a los conservatorios superiores e institutos de artes, se requiere adem\u00e1s del t\u00edtulo de bachiller, poseer un t\u00edtulo de las instituciones de m\u00fasica o artes, que no correspondan al nivel superior. En el caso de bachilleres que no tengan t\u00edtulo de alguna instituci\u00f3n de m\u00fasica o artes, se establecer\u00e1n ex\u00e1menes libres de suficiencia, para el ingreso.<\/p>\n<p><strong>REGLAMENTO DEL SISTEMA NACIONAL DE NIVELACI\u00d3N\u00a0Y ADMISI\u00d3N\u00a0SNNA<\/strong> Acuerdo Ministerial 76 Registro Oficial 910 de 12-mar-2013 Estado: Vigente<\/p>\n<ol>\n<li>Proceso de oferta de cupos de carrera y de nivelaci\u00f3n de carrera por las instituciones de educaci\u00f3n superior<\/li>\n<li>Fase de inscripci\u00f3n en el examen nacional para la educaci\u00f3n superior<\/li>\n<li>Del proceso de aplicaci\u00f3n del examen nacional para la educaci\u00f3n superior<\/li>\n<li>Proceso de postulaci\u00f3n a la carrera<\/li>\n<li>Proceso de asignaci\u00f3n de cupos de carrera<\/li>\n<li>Proceso de aceptaci\u00f3n de los cupos de carrera asignados y de la inscripci\u00f3n en los cursos de nivelaci\u00f3n<\/li>\n<li>Re postulaci\u00f3n a los cupos de carrera<\/li>\n<\/ol>\n","protected":false},"excerpt":{"rendered":"<p>PERFIL DE INGRESO Aprobar el examen de Ingreso SNNA, con el puntaje establecido para la carrera de Medicina. Aprobar el examen de exoneraci\u00f3n y\/o el Curso de Nivelaci\u00f3n. La Ley Org\u00e1nica de Educaci\u00f3n Superior (LOES), manifiesta que el bachiller para <a href=\"https:\/\/medicina.utn.edu.ec\/index.php\/perfil-de-ingreso\/\" class=\"read-more\">Read More &#8230;<\/a><\/p>\n","protected":false},"author":1,"featured_media":0,"parent":0,"menu_order":0,"comment_status":"closed","ping_status":"closed","template":"","meta":{"footnotes":""},"class_list":["post-54","page","type-page","status-publish","hentry"],"_links":{"self":[{"href":"https:\/\/medicina.utn.edu.ec\/index.php\/wp-json\/wp\/v2\/pages\/54"}],"collection":[{"href":"https:\/\/medicina.utn.edu.ec\/index.php\/wp-json\/wp\/v2\/pages"}],"about":[{"href":"https:\/\/medicina.utn.edu.ec\/index.php\/wp-json\/wp\/v2\/types\/page"}],"author":[{"embeddable":true,"href":"https:\/\/medicina.utn.edu.ec\/index.php\/wp-json\/wp\/v2\/users\/1"}],"replies":[{"embeddable":true,"href":"https:\/\/medicina.utn.edu.ec\/index.php\/wp-json\/wp\/v2\/comments?post=54"}],"version-history":[{"count":4,"href":"https:\/\/medicina.utn.edu.ec\/index.php\/wp-json\/wp\/v2\/pages\/54\/revisions"}],"predecessor-version":[{"id":179,"href":"https:\/\/medicina.utn.edu.ec\/index.php\/wp-json\/wp\/v2\/pages\/54\/revisions\/179"}],"wp:attachment":[{"href":"https:\/\/medicina.utn.edu.ec\/index.php\/wp-json\/wp\/v2\/media?parent=54"}],"curies":[{"name":"wp","href":"https:\/\/api.w.org\/{rel}","templated":true}]}}