{"id":57,"date":"2017-10-04T20:25:06","date_gmt":"2017-10-04T20:25:06","guid":{"rendered":"http:\/\/www.utn.edu.ec\/fccss\/carreras\/medicina\/?page_id=57"},"modified":"2023-02-28T14:37:22","modified_gmt":"2023-02-28T14:37:22","slug":"campo-ocupacional","status":"publish","type":"page","link":"https:\/\/medicina.utn.edu.ec\/index.php\/campo-ocupacional\/","title":{"rendered":"Campo Ocupacional"},"content":{"rendered":"\n<p><strong>Misi\u00f3n:<\/strong> Formar profesionales m\u00e9dicos, capaces de garantizar un servicio de salud eficiente, con calidad y calidez, basados en la propuesta de atenci\u00f3n primaria de salud renovada y la promoci\u00f3n de la salud, considerando las pol\u00edticas nacionales en el sector salud, acorde a los derechos de la ciudadan\u00eda, establecidos en la Constituci\u00f3n de la Rep\u00fablica del Ecuador, y las necesidades establecidas en el Plan Nacional del Buen Vivir, con criterios de excelencia, cr\u00edticos, humanistas, con la finalidad de contribuir al desarrollo humano.<\/p>\n<p><strong>Sistema nacional de salud<\/strong><\/p>\n<p>Conformado por servicios de salud P\u00fablicos y Servicios de Salud Privados, brindan atenci\u00f3n m\u00e9dica, durante el proceso Salud Enfermedad.<\/p>\n<p><strong>Se dirige a:<\/strong><\/p>\n<p>Individuos y familias considerando ciclos de vida<\/p>\n<p>Grupos prioritarios establecidos en la Constituci\u00f3n de la Rep\u00fablica<\/p>\n<p>Grupos expuestos a condiciones espec\u00edficas de riesgo laboral, ambiental y social<\/p>\n<p><strong>En \u00e9stos escenarios se desempe\u00f1a: <\/strong>atenci\u00f3n individual, familiar, hacia la comunidad, al ambiente y entorno natural.<\/p>\n<p><strong>Conjunto de prestaciones: <\/strong>promoci\u00f3n de salud, prevenci\u00f3n de enfermedades, tratamiento, rehabilitaci\u00f3n y cuidados paliativos<\/p>\n<p style=\"text-align: justify;\"><strong>En lugares como: <\/strong>atenci\u00f3n extramural o comunitaria, atenci\u00f3n intramural o en un establecimiento de salud, atenci\u00f3n en establecimientos m\u00f3viles de salud, atenci\u00f3n hospitalaria.<\/p>\n","protected":false},"excerpt":{"rendered":"<p>Misi\u00f3n: Formar profesionales m\u00e9dicos, capaces de garantizar un servicio de salud eficiente, con calidad y calidez, basados en la propuesta de atenci\u00f3n primaria de salud renovada y la promoci\u00f3n de la salud, considerando las pol\u00edticas nacionales en el sector salud, <a href=\"https:\/\/medicina.utn.edu.ec\/index.php\/campo-ocupacional\/\" class=\"read-more\">Read More &#8230;<\/a><\/p>\n","protected":false},"author":1,"featured_media":0,"parent":0,"menu_order":0,"comment_status":"closed","ping_status":"closed","template":"","meta":{"footnotes":""},"class_list":["post-57","page","type-page","status-publish","hentry"],"_links":{"self":[{"href":"https:\/\/medicina.utn.edu.ec\/index.php\/wp-json\/wp\/v2\/pages\/57"}],"collection":[{"href":"https:\/\/medicina.utn.edu.ec\/index.php\/wp-json\/wp\/v2\/pages"}],"about":[{"href":"https:\/\/medicina.utn.edu.ec\/index.php\/wp-json\/wp\/v2\/types\/page"}],"author":[{"embeddable":true,"href":"https:\/\/medicina.utn.edu.ec\/index.php\/wp-json\/wp\/v2\/users\/1"}],"replies":[{"embeddable":true,"href":"https:\/\/medicina.utn.edu.ec\/index.php\/wp-json\/wp\/v2\/comments?post=57"}],"version-history":[{"count":5,"href":"https:\/\/medicina.utn.edu.ec\/index.php\/wp-json\/wp\/v2\/pages\/57\/revisions"}],"predecessor-version":[{"id":747,"href":"https:\/\/medicina.utn.edu.ec\/index.php\/wp-json\/wp\/v2\/pages\/57\/revisions\/747"}],"wp:attachment":[{"href":"https:\/\/medicina.utn.edu.ec\/index.php\/wp-json\/wp\/v2\/media?parent=57"}],"curies":[{"name":"wp","href":"https:\/\/api.w.org\/{rel}","templated":true}]}}