{"id":66,"date":"2017-10-04T20:26:12","date_gmt":"2017-10-04T20:26:12","guid":{"rendered":"http:\/\/www.utn.edu.ec\/fccss\/carreras\/medicina\/?page_id=66"},"modified":"2020-09-18T16:19:48","modified_gmt":"2020-09-18T16:19:48","slug":"redes-academicas","status":"publish","type":"page","link":"https:\/\/medicina.utn.edu.ec\/index.php\/redes-academicas\/","title":{"rendered":"Redes Acad\u00e9micas"},"content":{"rendered":"\n<p style=\u201dtext-align: justify;\u201d>La carrera de Medicina de la Universidad T\u00e9cnica del Norte participa en la mayor Red Acad\u00e9mica del Ecuador, AFEME.<\/p>\n\n\n\n<p style=\u201dtext-align: justify;\u201d>AFEME es una organizaci\u00f3n de car\u00e1cter acad\u00e9mico, que congrega a las facultades de ciencias m\u00e9dicas y de la salud del Ecuador, para mejorar las capacidades t\u00e9cnicas y acad\u00e9micas de las facultades del pa\u00eds, y alcanzar las m\u00e1s altas condiciones en la formaci\u00f3n, con acreditaci\u00f3n nacional e internacional. Lidera la formulaci\u00f3n de pol\u00edticas de formaci\u00f3n de recursos humanos para la salud, la unificaci\u00f3n de planes y programas de estudio de las carreras, y el aseguramiento de la calidad en el proceso de formaci\u00f3n, tanto a nivel de pregrado como postgrado.<\/p>\n","protected":false},"excerpt":{"rendered":"<p>La carrera de Medicina de la Universidad T\u00e9cnica del Norte participa en la mayor Red Acad\u00e9mica del Ecuador, AFEME. AFEME es una organizaci\u00f3n de car\u00e1cter acad\u00e9mico, que congrega a las facultades de ciencias m\u00e9dicas y de la salud del Ecuador, <a href=\"https:\/\/medicina.utn.edu.ec\/index.php\/redes-academicas\/\" class=\"read-more\">Read More &#8230;<\/a><\/p>\n","protected":false},"author":1,"featured_media":0,"parent":0,"menu_order":0,"comment_status":"closed","ping_status":"closed","template":"","meta":{"footnotes":""},"class_list":["post-66","page","type-page","status-publish","hentry"],"_links":{"self":[{"href":"https:\/\/medicina.utn.edu.ec\/index.php\/wp-json\/wp\/v2\/pages\/66"}],"collection":[{"href":"https:\/\/medicina.utn.edu.ec\/index.php\/wp-json\/wp\/v2\/pages"}],"about":[{"href":"https:\/\/medicina.utn.edu.ec\/index.php\/wp-json\/wp\/v2\/types\/page"}],"author":[{"embeddable":true,"href":"https:\/\/medicina.utn.edu.ec\/index.php\/wp-json\/wp\/v2\/users\/1"}],"replies":[{"embeddable":true,"href":"https:\/\/medicina.utn.edu.ec\/index.php\/wp-json\/wp\/v2\/comments?post=66"}],"version-history":[{"count":3,"href":"https:\/\/medicina.utn.edu.ec\/index.php\/wp-json\/wp\/v2\/pages\/66\/revisions"}],"predecessor-version":[{"id":387,"href":"https:\/\/medicina.utn.edu.ec\/index.php\/wp-json\/wp\/v2\/pages\/66\/revisions\/387"}],"wp:attachment":[{"href":"https:\/\/medicina.utn.edu.ec\/index.php\/wp-json\/wp\/v2\/media?parent=66"}],"curies":[{"name":"wp","href":"https:\/\/api.w.org\/{rel}","templated":true}]}}